{"id":11,"date":"2017-11-27T07:36:28","date_gmt":"2017-11-27T07:36:28","guid":{"rendered":"http:\/\/lejardinierdubonheur.fr\/?page_id=11"},"modified":"2023-05-02T15:51:18","modified_gmt":"2023-05-02T15:51:18","slug":"contact","status":"publish","type":"page","link":"http:\/\/lejardinierdubonheur.fr\/?page_id=11","title":{"rendered":"Contact"},"content":{"rendered":"<p>C\u2019est une page avec des informations de contact de base, comme l\u2019adresse et le num\u00e9ro de t\u00e9l\u00e9phone. Vous pouvez aussi essayer une extension pour ajouter un formulaire de contact.<\/p>\n\n\n<p class=\"has-vivid-green-cyan-background-color has-background\">Michel Auvent Le jardinier du bonheur pseudonyme  (Michel Beaubijat) Patronyme<\/p>\n\n\n\n<p class=\"has-vivid-green-cyan-background-color has-background\">Association Parole  Partage et Po\u00e9sie<\/p>\n\n\n\n<p class=\"has-vivid-green-cyan-background-color has-background\">1 rue du novembre 18200 Orval <\/p>\n\n\n\n<p class=\"has-vivid-green-cyan-background-color has-background\">michel.auvent@orange.fr <\/p>\n\n\n\n<p class=\"has-pale-cyan-blue-background-color has-background\">06 83 46 16 01<\/p>\n\n\n\n<p><\/p>\n","protected":false},"excerpt":{"rendered":"<p>C\u2019est une page avec des informations de contact de base, comme l\u2019adresse et le num\u00e9ro de t\u00e9l\u00e9phone. Vous pouvez aussi essayer une extension pour ajouter un formulaire de contact. Michel Auvent Le jardinier du bonheur pseudonyme (Michel Beaubijat) Patronyme Association<span class=\"ellipsis\">&hellip;<\/span><\/p>\n<div class=\"read-more\"><a href=\"http:\/\/lejardinierdubonheur.fr\/?page_id=11\">Lire la suite &#8250;<\/a><\/div>\n<p><!-- end of .read-more --><\/p>\n","protected":false},"author":1,"featured_media":104,"parent":0,"menu_order":0,"comment_status":"closed","ping_status":"closed","template":"","meta":{"footnotes":""},"_links":{"self":[{"href":"http:\/\/lejardinierdubonheur.fr\/index.php?rest_route=\/wp\/v2\/pages\/11"}],"collection":[{"href":"http:\/\/lejardinierdubonheur.fr\/index.php?rest_route=\/wp\/v2\/pages"}],"about":[{"href":"http:\/\/lejardinierdubonheur.fr\/index.php?rest_route=\/wp\/v2\/types\/page"}],"author":[{"embeddable":true,"href":"http:\/\/lejardinierdubonheur.fr\/index.php?rest_route=\/wp\/v2\/users\/1"}],"replies":[{"embeddable":true,"href":"http:\/\/lejardinierdubonheur.fr\/index.php?rest_route=%2Fwp%2Fv2%2Fcomments&post=11"}],"version-history":[{"count":5,"href":"http:\/\/lejardinierdubonheur.fr\/index.php?rest_route=\/wp\/v2\/pages\/11\/revisions"}],"predecessor-version":[{"id":482,"href":"http:\/\/lejardinierdubonheur.fr\/index.php?rest_route=\/wp\/v2\/pages\/11\/revisions\/482"}],"wp:featuredmedia":[{"embeddable":true,"href":"http:\/\/lejardinierdubonheur.fr\/index.php?rest_route=\/wp\/v2\/media\/104"}],"wp:attachment":[{"href":"http:\/\/lejardinierdubonheur.fr\/index.php?rest_route=%2Fwp%2Fv2%2Fmedia&parent=11"}],"curies":[{"name":"wp","href":"https:\/\/api.w.org\/{rel}","templated":true}]}}