{"id":13,"date":"2017-11-27T07:36:28","date_gmt":"2017-11-27T07:36:28","guid":{"rendered":"http:\/\/lejardinierdubonheur.fr\/?page_id=13"},"modified":"2024-02-08T22:08:51","modified_gmt":"2024-02-08T22:08:51","slug":"une-section-de-page-daccueil","status":"publish","type":"page","link":"http:\/\/lejardinierdubonheur.fr\/","title":{"rendered":"Une section de page d\u2019accueil"},"content":{"rendered":"\n<p>2024 le retour aux sources lumineuses, de l&rsquo;univers \u00e0 la nature. Soyons proche de notre terre nourrici\u00e8re. Soyons passions et Amour retrouvons l&rsquo;\u00e2me de Saint FIACRE,<img loading=\"lazy\" decoding=\"async\" class=\"alignnone size-medium wp-image-513\" src=\"http:\/\/lejardinierdubonheur.fr\/wp-content\/uploads\/2024\/02\/Image_20240202_0001-212x300.jpg\" alt=\"Retour au source plus proche de l'univers et de la nature\" width=\"212\" height=\"300\" srcset=\"http:\/\/lejardinierdubonheur.fr\/wp-content\/uploads\/2024\/02\/Image_20240202_0001-212x300.jpg 212w, http:\/\/lejardinierdubonheur.fr\/wp-content\/uploads\/2024\/02\/Image_20240202_0001-724x1024.jpg 724w, http:\/\/lejardinierdubonheur.fr\/wp-content\/uploads\/2024\/02\/Image_20240202_0001-768x1086.jpg 768w, http:\/\/lejardinierdubonheur.fr\/wp-content\/uploads\/2024\/02\/Image_20240202_0001-1087x1536.jpg 1087w, http:\/\/lejardinierdubonheur.fr\/wp-content\/uploads\/2024\/02\/Image_20240202_0001-1449x2048.jpg 1449w, http:\/\/lejardinierdubonheur.fr\/wp-content\/uploads\/2024\/02\/Image_20240202_0001-100x141.jpg 100w, http:\/\/lejardinierdubonheur.fr\/wp-content\/uploads\/2024\/02\/Image_20240202_0001-150x212.jpg 150w, http:\/\/lejardinierdubonheur.fr\/wp-content\/uploads\/2024\/02\/Image_20240202_0001-200x283.jpg 200w, http:\/\/lejardinierdubonheur.fr\/wp-content\/uploads\/2024\/02\/Image_20240202_0001-300x424.jpg 300w, http:\/\/lejardinierdubonheur.fr\/wp-content\/uploads\/2024\/02\/Image_20240202_0001-450x636.jpg 450w, http:\/\/lejardinierdubonheur.fr\/wp-content\/uploads\/2024\/02\/Image_20240202_0001-600x848.jpg 600w, http:\/\/lejardinierdubonheur.fr\/wp-content\/uploads\/2024\/02\/Image_20240202_0001-900x1272.jpg 900w, http:\/\/lejardinierdubonheur.fr\/wp-content\/uploads\/2024\/02\/Image_20240202_0001.jpg 1654w\" sizes=\"(max-width: 212px) 100vw, 212px\" \/> de Diog\u00e8ne de Sinople, d&rsquo;Hubert REEVES et de tant d&rsquo;autres car la liste et longue&#8230;.La VIE est belle.Ne faisons pas de la terre un enfer\/\/Le jardinier du bonheur<\/p>\n","protected":false},"excerpt":{"rendered":"<p>2024 le retour aux sources lumineuses, de l&rsquo;univers \u00e0 la nature. Soyons proche de notre terre nourrici\u00e8re. Soyons passions et Amour retrouvons l&rsquo;\u00e2me de Saint FIACRE, de Diog\u00e8ne de Sinople, d&rsquo;Hubert REEVES et de tant d&rsquo;autres car la liste et<span class=\"ellipsis\">&hellip;<\/span><\/p>\n<div class=\"read-more\"><a href=\"http:\/\/lejardinierdubonheur.fr\/\">Lire la suite &#8250;<\/a><\/div>\n<p><!-- end of .read-more --><\/p>\n","protected":false},"author":1,"featured_media":102,"parent":0,"menu_order":0,"comment_status":"closed","ping_status":"closed","template":"","meta":{"footnotes":""},"_links":{"self":[{"href":"http:\/\/lejardinierdubonheur.fr\/index.php?rest_route=\/wp\/v2\/pages\/13"}],"collection":[{"href":"http:\/\/lejardinierdubonheur.fr\/index.php?rest_route=\/wp\/v2\/pages"}],"about":[{"href":"http:\/\/lejardinierdubonheur.fr\/index.php?rest_route=\/wp\/v2\/types\/page"}],"author":[{"embeddable":true,"href":"http:\/\/lejardinierdubonheur.fr\/index.php?rest_route=\/wp\/v2\/users\/1"}],"replies":[{"embeddable":true,"href":"http:\/\/lejardinierdubonheur.fr\/index.php?rest_route=%2Fwp%2Fv2%2Fcomments&post=13"}],"version-history":[{"count":2,"href":"http:\/\/lejardinierdubonheur.fr\/index.php?rest_route=\/wp\/v2\/pages\/13\/revisions"}],"predecessor-version":[{"id":520,"href":"http:\/\/lejardinierdubonheur.fr\/index.php?rest_route=\/wp\/v2\/pages\/13\/revisions\/520"}],"wp:featuredmedia":[{"embeddable":true,"href":"http:\/\/lejardinierdubonheur.fr\/index.php?rest_route=\/wp\/v2\/media\/102"}],"wp:attachment":[{"href":"http:\/\/lejardinierdubonheur.fr\/index.php?rest_route=%2Fwp%2Fv2%2Fmedia&parent=13"}],"curies":[{"name":"wp","href":"https:\/\/api.w.org\/{rel}","templated":true}]}}